{"id":72,"date":"2017-06-23T17:49:11","date_gmt":"2017-06-23T17:49:11","guid":{"rendered":"http:\/\/bernabeinformatica.com\/bernabe-nova\/?page_id=72"},"modified":"2023-12-04T20:22:47","modified_gmt":"2023-12-04T20:22:47","slug":"quienes-somos","status":"publish","type":"page","link":"https:\/\/bernabeinformatica.com\/bernabe-nova\/quienes-somos\/","title":{"rendered":"Quienes Somos"},"content":{"rendered":"<p>[et_pb_section fb_built=\u00bb1&#8243; _builder_version=\u00bb3.22&#8243; background_image=\u00bbhttp:\/\/bernabeinformatica.com\/bernabe-nova\/wp-content\/uploads\/2017\/07\/quienes-somos-bernabe-informatica.jpg\u00bb background_position=\u00bbcenter_left\u00bb background_blend=\u00bbmultiply\u00bb custom_padding=\u00bb80px||80px|\u00bb][et_pb_row _builder_version=\u00bb3.25&#8243; background_color=\u00bbrgba(224,53,44,0.84)\u00bb background_size=\u00bbinitial\u00bb background_position=\u00bbtop_left\u00bb background_repeat=\u00bbrepeat\u00bb max_width=\u00bb604px\u00bb custom_margin=\u00bb|||\u00bb custom_padding=\u00bb40px||40px|\u00bb use_custom_width=\u00bbon\u00bb custom_width_px=\u00bb604px\u00bb][et_pb_column type=\u00bb4_4&#8243; _builder_version=\u00bb3.25&#8243; custom_padding=\u00bb|||\u00bb custom_padding__hover=\u00bb|||\u00bb][et_pb_text _builder_version=\u00bb3.27.4&#8243; text_font_size=\u00bb40px\u00bb text_letter_spacing=\u00bb3px\u00bb text_orientation=\u00bbcenter\u00bb background_layout=\u00bbdark\u00bb module_alignment=\u00bbcenter\u00bb]<strong> QUIENES\u00a0 SOMOS<\/strong><br \/>\n[\/et_pb_text][\/et_pb_column][\/et_pb_row][\/et_pb_section][et_pb_section fb_built=\u00bb1&#8243; _builder_version=\u00bb3.22&#8243;][et_pb_row _builder_version=\u00bb3.25&#8243; background_size=\u00bbinitial\u00bb background_position=\u00bbtop_left\u00bb background_repeat=\u00bbrepeat\u00bb][et_pb_column type=\u00bb4_4&#8243; _builder_version=\u00bb3.25&#8243; custom_padding=\u00bb|||\u00bb custom_padding__hover=\u00bb|||\u00bb][et_pb_text _builder_version=\u00bb3.27.4&#8243; text_font_size=\u00bb20&#8243; text_letter_spacing=\u00bb1px\u00bb text_orientation=\u00bbjustified\u00bb border_style=\u00bbsolid\u00bb]<\/p>\n<p><strong>Bernab\u00e9 Inform\u00e1tica <\/strong>\u00a0se inici\u00f3 en el a\u00f1o 2002, en esta empresa vas a encontrar lo \u00faltimo en productos inform\u00e1ticos y m\u00e1s\u2026<\/p>\n<p>Todo en un \u00fanico proveedor de productos y servicios que cuenta con <strong>lo \u00faltimo del mercado en el rubro de la tecnolog\u00eda y la inform\u00e1tica<\/strong>.<\/p>\n<p>Te ofrecemos soluciones integrales a tus necesidades inform\u00e1ticas. Desde tu PC, notebook o netbook, pasando por la instalaci\u00f3n de tu red cableada o Wi-Fi; adem\u00e1s ofrecemos accesorios e insumos, c\u00e1maras fotogr\u00e1ficas, cables,\u00a0asistencia t\u00e9cnica, reparaci\u00f3n y mantenimiento, sistemas de seguridad, sistemas de audio y mucho m\u00e1s.<\/p>\n<p>Tambi\u00e9n <strong>disponemos de servicio t\u00e9cnico propio<\/strong> realmente serio, profesional y eficaz; porque tu satisfacci\u00f3n es la que nos permite crecer continuamente. Y es por ello, que desde octubre de 2001 que Bernab\u00e9 abri\u00f3 las puertas en la ciudad de P\u00e9rez y hoy en d\u00eda es reconocido por muchas Instituciones, empresas, industrias y PyMEs, comunas y municipalidades.<\/p>\n<h3 style=\"font-size: 130%;\"><img loading=\"lazy\" decoding=\"async\" class=\"alignnone wp-image-116072\" src=\"http:\/\/bernabeinformatica.com\/bernabe-nova\/wp-content\/uploads\/2017\/07\/success-300x300.png\" alt=\"\" width=\"21\" height=\"21\" srcset=\"https:\/\/bernabeinformatica.com\/bernabe-nova\/wp-content\/uploads\/2017\/07\/success-300x300.png 300w, https:\/\/bernabeinformatica.com\/bernabe-nova\/wp-content\/uploads\/2017\/07\/success-150x150.png 150w, https:\/\/bernabeinformatica.com\/bernabe-nova\/wp-content\/uploads\/2017\/07\/success.png 512w\" sizes=\"auto, (max-width: 21px) 100vw, 21px\" \/> Misi\u00f3n<\/h3>\n<p>Ofrecer productos y servicios orientados a satisfacer las necesidades y problem\u00e1ticas de nuestros clientes en el \u00e1mbito de la tecnolog\u00eda, la inform\u00e1tica, el \u00e1rea t\u00e9cnica, insumos y sistemas de video-vigilancia; sustentado por un equipo t\u00e9cnico y profesional, comprometido, transparente y especializado para brindarles las m\u00e1s eficientes soluciones y herramientas.<\/p>\n<h3 style=\"font-size: 130%;\"><img loading=\"lazy\" decoding=\"async\" class=\"alignnone wp-image-116072\" src=\"http:\/\/bernabeinformatica.com\/bernabe-nova\/wp-content\/uploads\/2017\/07\/success-300x300.png\" alt=\"\" width=\"21\" height=\"21\" srcset=\"https:\/\/bernabeinformatica.com\/bernabe-nova\/wp-content\/uploads\/2017\/07\/success-300x300.png 300w, https:\/\/bernabeinformatica.com\/bernabe-nova\/wp-content\/uploads\/2017\/07\/success-150x150.png 150w, https:\/\/bernabeinformatica.com\/bernabe-nova\/wp-content\/uploads\/2017\/07\/success.png 512w\" sizes=\"auto, (max-width: 21px) 100vw, 21px\" \/> Visi\u00f3n<\/h3>\n<p>Sabemos que la tecnolog\u00eda y la inform\u00e1tica requieren de una visi\u00f3n totalmente innovadora y de formaci\u00f3n continua, es por ello que en Bernab\u00e9 inform\u00e1tica nos propusimos ir de la mano junto con ellas en b\u00fasqueda de ofrecer una constante excelencia y calidad de nuestros servicios.<\/p>\n<h3 style=\"font-size: 130%;\"><img loading=\"lazy\" decoding=\"async\" class=\"alignnone wp-image-116072\" src=\"http:\/\/bernabeinformatica.com\/bernabe-nova\/wp-content\/uploads\/2017\/07\/success-300x300.png\" alt=\"\" width=\"21\" height=\"21\" srcset=\"https:\/\/bernabeinformatica.com\/bernabe-nova\/wp-content\/uploads\/2017\/07\/success-300x300.png 300w, https:\/\/bernabeinformatica.com\/bernabe-nova\/wp-content\/uploads\/2017\/07\/success-150x150.png 150w, https:\/\/bernabeinformatica.com\/bernabe-nova\/wp-content\/uploads\/2017\/07\/success.png 512w\" sizes=\"auto, (max-width: 21px) 100vw, 21px\" \/> Valores<\/h3>\n<p>Transparencia, calidez, compromiso, eficiencia, calidad de servicio, y por sobretodo, clientes satisfechos, son nuestros valores m\u00e1s importantes.<\/p>\n<p>[\/et_pb_text][\/et_pb_column][\/et_pb_row][\/et_pb_section][et_pb_section fb_built=\u00bb1&#8243; _builder_version=\u00bb3.22&#8243; custom_padding=\u00bb0px|1px|0px|0px\u00bb][et_pb_row use_custom_gutter=\u00bbon\u00bb gutter_width=\u00bb1&#8243; module_class=\u00bb et_pb_row_fullwidth\u00bb _builder_version=\u00bb3.25&#8243; width=\u00bb100%\u00bb width_tablet=\u00bb100%\u00bb width_phone=\u00bb\u00bb width_last_edited=\u00bbon|desktop\u00bb max_width=\u00bb100%\u00bb max_width_tablet=\u00bb100%\u00bb max_width_phone=\u00bb\u00bb max_width_last_edited=\u00bbon|desktop\u00bb custom_margin=\u00bb0px|1px|0px|0px\u00bb make_fullwidth=\u00bbon\u00bb][et_pb_column type=\u00bb4_4&#8243; _builder_version=\u00bb3.25&#8243; background_position=\u00bbtop_left\u00bb custom_padding=\u00bb|||\u00bb custom_padding__hover=\u00bb|||\u00bb][et_pb_gallery gallery_ids=\u00bb116474,116392,116393,116394&#8243; show_title_and_caption=\u00bboff\u00bb show_pagination=\u00bboff\u00bb zoom_icon_color=\u00bb#a90000&#8243; hover_icon=\u00bb%%51%%\u00bb _builder_version=\u00bb4.4.6&#8243; border_width_all=\u00bb1px\u00bb border_color_all=\u00bb#ff6d6d\u00bb border_style_all=\u00bbsolid\u00bb use_border_color=\u00bbon\u00bb border_color=\u00bb#ff6d6d\u00bb border_style=\u00bbsolid\u00bb][\/et_pb_gallery][\/et_pb_column][\/et_pb_row][\/et_pb_section][et_pb_section fb_built=\u00bb1&#8243; _builder_version=\u00bb3.22&#8243; background_color=\u00bbrgba(96,96,96,0.87)\u00bb][et_pb_row _builder_version=\u00bb3.25&#8243; background_size=\u00bbinitial\u00bb background_position=\u00bbtop_left\u00bb background_repeat=\u00bbrepeat\u00bb][et_pb_column type=\u00bb4_4&#8243; _builder_version=\u00bb3.25&#8243; custom_padding=\u00bb|||\u00bb custom_padding__hover=\u00bb|||\u00bb][et_pb_text _builder_version=\u00bb3.27.4&#8243; text_font_size=\u00bb40&#8243; text_orientation=\u00bbcenter\u00bb background_layout=\u00bbdark\u00bb module_alignment=\u00bbcenter\u00bb]CONOCE AL EQUIPO<br \/>\n[\/et_pb_text][\/et_pb_column][\/et_pb_row][et_pb_row column_structure=\u00bb1_4,1_4,1_4,1_4&#8243; module_class=\u00bb et_pb_row_fullwidth\u00bb _builder_version=\u00bb3.25&#8243; width=\u00bb89%\u00bb width_tablet=\u00bb80%\u00bb width_phone=\u00bb\u00bb width_last_edited=\u00bbon|desktop\u00bb max_width=\u00bb89%\u00bb max_width_tablet=\u00bb80%\u00bb max_width_phone=\u00bb\u00bb max_width_last_edited=\u00bbon|desktop\u00bb custom_margin=\u00bb|||\u00bb custom_padding=\u00bb|||\u00bb make_fullwidth=\u00bbon\u00bb][et_pb_column type=\u00bb1_4&#8243; _builder_version=\u00bb3.25&#8243; background_position=\u00bbtop_left\u00bb custom_padding=\u00bb|0px||0px\u00bb custom_padding__hover=\u00bb|||\u00bb][et_pb_text _builder_version=\u00bb3.27.4&#8243; background_layout=\u00bbdark\u00bb border_style=\u00bbsolid\u00bb]<\/p>\n<div class=\"hover-bio-wrapper\">\n<div class=\"hover-bio\">\n<figure class=\"hover-bio\"><img decoding=\"async\" src=\"http:\/\/bernabeinformatica.com\/bernabe-nova\/wp-content\/uploads\/2017\/08\/bernabe-informatica-staff2.jpg\"><figcaption>\n<h2>MELINA MORALES<\/h2>\n<p>ADMINISTRACI\u00d3N<br \/>\n<\/figcaption><\/figure>\n<\/div>\n<\/div>\n<p>[\/et_pb_text][et_pb_text _builder_version=\u00bb4.4.6&#8243; background_layout=\u00bbdark\u00bb border_style=\u00bbsolid\u00bb]<\/p>\n<div class=\"hover-bio-wrapper\">\n<div class=\"hover-bio\">\n<figure class=\"hover-bio\"><img decoding=\"async\" src=\"http:\/\/bernabeinformatica.com\/bernabe-nova\/wp-content\/uploads\/2023\/11\/Bernabe-Informatica-Yamila-Ovando-Empleada.png\" \/><\/p><figcaption>\n<h2>YAMILA OVANDO<\/h2>\n<p>ATENCI\u00d3N AL CLIENTE<\/p>\n<\/figcaption><\/figure>\n<\/div>\n<\/div>\n<p>[\/et_pb_text][\/et_pb_column][et_pb_column type=\u00bb1_4&#8243; _builder_version=\u00bb4.4.6&#8243;][et_pb_text _builder_version=\u00bb3.27.4&#8243; background_layout=\u00bbdark\u00bb border_style=\u00bbsolid\u00bb]<\/p>\n<div class=\"hover-bio-wrapper\">\n<div class=\"hover-bio\">\n<figure class=\"hover-bio\"><img decoding=\"async\" src=\"http:\/\/bernabeinformatica.com\/bernabe-nova\/wp-content\/uploads\/2017\/08\/bernabe-informatica-staff6.jpg\"><figcaption>\n<h2>PABLO ESCOBEDO<\/h2>\n<p>T\u00c9CNICO EN SEGURIDAD<br \/>\n<\/figcaption><\/figure>\n<\/div>\n<\/div>\n<p>[\/et_pb_text][et_pb_text _builder_version=\u00bb4.4.6&#8243; background_layout=\u00bbdark\u00bb border_style=\u00bbsolid\u00bb]<\/p>\n<div class=\"hover-bio-wrapper\">\n<div class=\"hover-bio\">\n<figure class=\"hover-bio\"><img decoding=\"async\" src=\"http:\/\/bernabeinformatica.com\/bernabe-nova\/wp-content\/uploads\/2023\/11\/Bernabe-Informatica-Yamila-Sava-Emleada.png\" \/><figcaption>\n<h2>YAMILA SAVA<\/h2>\n<p>ATENCI\u00d3N AL CLIENTE<\/p>\n<\/figcaption><\/figure>\n<\/div>\n<\/div>\n<p>[\/et_pb_text][\/et_pb_column][et_pb_column type=\u00bb1_4&#8243; _builder_version=\u00bb3.25&#8243; background_position=\u00bbtop_left\u00bb custom_padding=\u00bb|0px||0px\u00bb custom_padding__hover=\u00bb|||\u00bb][et_pb_text _builder_version=\u00bb3.27.4&#8243; background_layout=\u00bbdark\u00bb border_style=\u00bbsolid\u00bb]<\/p>\n<div class=\"hover-bio-wrapper\">\n<div class=\"hover-bio\">\n<figure class=\"hover-bio\"><img decoding=\"async\" src=\"http:\/\/bernabeinformatica.com\/bernabe-nova\/wp-content\/uploads\/2017\/08\/bernabe-informatica-staff7.jpg\"><figcaption>\n<h2>GONZALO MART\u00cdN<\/h2>\n<p>SERVICIO T\u00c9CNICO<br \/>\n<\/figcaption><\/figure>\n<\/div>\n<\/div>\n<p>[\/et_pb_text][et_pb_text _builder_version=\u00bb4.4.6&#8243; background_layout=\u00bbdark\u00bb hover_enabled=\u00bb0&#8243; border_style=\u00bbsolid\u00bb]<\/p>\n<div class=\"hover-bio-wrapper\">\n<div class=\"hover-bio\">\n<figure class=\"hover-bio\"><img decoding=\"async\" src=\"http:\/\/bernabeinformatica.com\/bernabe-nova\/wp-content\/uploads\/2023\/12\/Facundo-Campilongo-Bernabe-Informatica.png\" \/><figcaption>\n<h2>FACUNDO CAMPILONGO<\/h2>\n<p>AREA TECNICA<\/p>\n<\/figcaption><\/figure>\n<\/div>\n<\/div>\n<p>[\/et_pb_text][\/et_pb_column][et_pb_column type=\u00bb1_4&#8243; _builder_version=\u00bb3.25&#8243; background_position=\u00bbtop_left\u00bb custom_padding=\u00bb|0px||0px\u00bb custom_padding__hover=\u00bb|||\u00bb][et_pb_text _builder_version=\u00bb3.27.4&#8243; background_layout=\u00bbdark\u00bb custom_margin=\u00bb|0px||0px\u00bb custom_padding=\u00bb|0px||0px\u00bb border_style=\u00bbsolid\u00bb]<\/p>\n<div class=\"hover-bio-wrapper\">\n<div class=\"hover-bio\">\n<figure class=\"hover-bio\"><img decoding=\"async\" src=\"http:\/\/bernabeinformatica.com\/bernabe-nova\/wp-content\/uploads\/2017\/08\/bernabe-informatica-staff5.jpg\"><figcaption>\n<h2>BRUNO VERDINI<\/h2>\n<p>SERVICIO T\u00c9CNICO<br \/>\n<\/figcaption><\/figure>\n<\/div>\n<\/div>\n<p>[\/et_pb_text][\/et_pb_column][\/et_pb_row][et_pb_row column_structure=\u00bb1_3,1_3,1_3&#8243; make_equal=\u00bbon\u00bb module_class=\u00bb et_pb_row_fullwidth\u00bb _builder_version=\u00bb3.25&#8243; width=\u00bb89%\u00bb width_tablet=\u00bb80%\u00bb width_phone=\u00bb\u00bb width_last_edited=\u00bbon|desktop\u00bb max_width=\u00bb89%\u00bb max_width_tablet=\u00bb80%\u00bb max_width_phone=\u00bb\u00bb max_width_last_edited=\u00bbon|desktop\u00bb make_fullwidth=\u00bbon\u00bb][et_pb_column type=\u00bb1_3&#8243; _builder_version=\u00bb3.25&#8243; background_position=\u00bbtop_left\u00bb custom_padding=\u00bb|||\u00bb custom_padding__hover=\u00bb|||\u00bb][\/et_pb_column][et_pb_column type=\u00bb1_3&#8243; _builder_version=\u00bb3.25&#8243; background_position=\u00bbtop_left\u00bb custom_padding=\u00bb|||\u00bb custom_padding__hover=\u00bb|||\u00bb][\/et_pb_column][et_pb_column type=\u00bb1_3&#8243; _builder_version=\u00bb3.25&#8243; background_position=\u00bbtop_left\u00bb custom_padding=\u00bb|||\u00bb custom_padding__hover=\u00bb|||\u00bb][\/et_pb_column][\/et_pb_row][\/et_pb_section]<\/p>\n","protected":false},"excerpt":{"rendered":"<p>[et_pb_section fb_built=\u00bb1&#8243; _builder_version=\u00bb3.22&#8243; background_image=\u00bbhttp:\/\/bernabeinformatica.com\/bernabe-nova\/wp-content\/uploads\/2017\/07\/quienes-somos-bernabe-informatica.jpg\u00bb background_position=\u00bbcenter_left\u00bb background_blend=\u00bbmultiply\u00bb custom_padding=\u00bb80px||80px|\u00bb][et_pb_row _builder_version=\u00bb3.25&#8243; background_color=\u00bbrgba(224,53,44,0.84)\u00bb background_size=\u00bbinitial\u00bb background_position=\u00bbtop_left\u00bb background_repeat=\u00bbrepeat\u00bb max_width=\u00bb604px\u00bb custom_margin=\u00bb|||\u00bb custom_padding=\u00bb40px||40px|\u00bb use_custom_width=\u00bbon\u00bb custom_width_px=\u00bb604px\u00bb][et_pb_column type=\u00bb4_4&#8243; _builder_version=\u00bb3.25&#8243; custom_padding=\u00bb|||\u00bb custom_padding__hover=\u00bb|||\u00bb][et_pb_text _builder_version=\u00bb3.27.4&#8243; text_font_size=\u00bb40px\u00bb text_letter_spacing=\u00bb3px\u00bb text_orientation=\u00bbcenter\u00bb background_layout=\u00bbdark\u00bb module_alignment=\u00bbcenter\u00bb] QUIENES\u00a0 SOMOS [\/et_pb_text][\/et_pb_column][\/et_pb_row][\/et_pb_section][et_pb_section fb_built=\u00bb1&#8243; _builder_version=\u00bb3.22&#8243;][et_pb_row _builder_version=\u00bb3.25&#8243; background_size=\u00bbinitial\u00bb background_position=\u00bbtop_left\u00bb background_repeat=\u00bbrepeat\u00bb][et_pb_column type=\u00bb4_4&#8243; _builder_version=\u00bb3.25&#8243; custom_padding=\u00bb|||\u00bb custom_padding__hover=\u00bb|||\u00bb][et_pb_text _builder_version=\u00bb3.27.4&#8243; text_font_size=\u00bb20&#8243; text_letter_spacing=\u00bb1px\u00bb text_orientation=\u00bbjustified\u00bb border_style=\u00bbsolid\u00bb] Bernab\u00e9 Inform\u00e1tica \u00a0se inici\u00f3 en el a\u00f1o 2002, en esta [&hellip;]<\/p>\n","protected":false},"author":1,"featured_media":0,"parent":0,"menu_order":0,"comment_status":"closed","ping_status":"closed","template":"","meta":{"_et_pb_use_builder":"on","_et_pb_old_content":"","_et_gb_content_width":"","footnotes":""},"class_list":["post-72","page","type-page","status-publish","hentry"],"_links":{"self":[{"href":"https:\/\/bernabeinformatica.com\/bernabe-nova\/wp-json\/wp\/v2\/pages\/72","targetHints":{"allow":["GET"]}}],"collection":[{"href":"https:\/\/bernabeinformatica.com\/bernabe-nova\/wp-json\/wp\/v2\/pages"}],"about":[{"href":"https:\/\/bernabeinformatica.com\/bernabe-nova\/wp-json\/wp\/v2\/types\/page"}],"author":[{"embeddable":true,"href":"https:\/\/bernabeinformatica.com\/bernabe-nova\/wp-json\/wp\/v2\/users\/1"}],"replies":[{"embeddable":true,"href":"https:\/\/bernabeinformatica.com\/bernabe-nova\/wp-json\/wp\/v2\/comments?post=72"}],"version-history":[{"count":66,"href":"https:\/\/bernabeinformatica.com\/bernabe-nova\/wp-json\/wp\/v2\/pages\/72\/revisions"}],"predecessor-version":[{"id":116507,"href":"https:\/\/bernabeinformatica.com\/bernabe-nova\/wp-json\/wp\/v2\/pages\/72\/revisions\/116507"}],"wp:attachment":[{"href":"https:\/\/bernabeinformatica.com\/bernabe-nova\/wp-json\/wp\/v2\/media?parent=72"}],"curies":[{"name":"wp","href":"https:\/\/api.w.org\/{rel}","templated":true}]}}