{"id":74,"date":"2017-06-23T17:49:47","date_gmt":"2017-06-23T17:49:47","guid":{"rendered":"http:\/\/bernabeinformatica.com\/bernabe-nova\/?page_id=74"},"modified":"2023-12-04T21:01:18","modified_gmt":"2023-12-04T21:01:18","slug":"productos-y-servicios","status":"publish","type":"page","link":"https:\/\/bernabeinformatica.com\/bernabe-nova\/productos-y-servicios\/","title":{"rendered":"Productos y Servicios"},"content":{"rendered":"<p>[et_pb_section fb_built=\u00bb1&#8243; _builder_version=\u00bb3.22&#8243; background_image=\u00bbhttp:\/\/bernabeinformatica.com\/bernabe-nova\/wp-content\/uploads\/2017\/07\/productos-servicios-bernabe-informatica.jpg\u00bb background_position=\u00bbcenter_left\u00bb background_blend=\u00bbmultiply\u00bb custom_padding=\u00bb80px||80px|\u00bb][et_pb_row _builder_version=\u00bb3.25&#8243; background_color=\u00bbrgba(224,53,44,0.84)\u00bb background_size=\u00bbinitial\u00bb background_position=\u00bbtop_left\u00bb background_repeat=\u00bbrepeat\u00bb max_width=\u00bb604px\u00bb custom_margin=\u00bb|||\u00bb custom_padding=\u00bb40px||40px|\u00bb use_custom_width=\u00bbon\u00bb custom_width_px=\u00bb604px\u00bb][et_pb_column type=\u00bb4_4&#8243; _builder_version=\u00bb3.25&#8243; custom_padding=\u00bb|||\u00bb custom_padding__hover=\u00bb|||\u00bb][et_pb_text _builder_version=\u00bb3.27.4&#8243; text_font_size=\u00bb40px\u00bb text_letter_spacing=\u00bb3px\u00bb background_size=\u00bbinitial\u00bb background_position=\u00bbtop_left\u00bb background_repeat=\u00bbrepeat\u00bb text_orientation=\u00bbcenter\u00bb background_layout=\u00bbdark\u00bb module_alignment=\u00bbcenter\u00bb]<strong>PRODUCTOS Y SERVICIOS<br \/>\n<\/strong><br \/>\n[\/et_pb_text][\/et_pb_column][\/et_pb_row][\/et_pb_section][et_pb_section fb_built=\u00bb1&#8243; _builder_version=\u00bb3.22&#8243;][et_pb_row _builder_version=\u00bb3.25&#8243; background_size=\u00bbinitial\u00bb background_position=\u00bbtop_left\u00bb background_repeat=\u00bbrepeat\u00bb][et_pb_column type=\u00bb4_4&#8243; _builder_version=\u00bb3.25&#8243; custom_padding=\u00bb|||\u00bb custom_padding__hover=\u00bb|||\u00bb][et_pb_text _builder_version=\u00bb3.27.4&#8243; text_font_size=\u00bb20&#8243; text_letter_spacing=\u00bb1px\u00bb text_orientation=\u00bbjustified\u00bb border_style=\u00bbsolid\u00bb]Contamos con una amplia variedad de <strong>productos tecnol\u00f3gicos e inform\u00e1ticos<\/strong> para poder ofrecerte los <strong>mejores precios<\/strong> y garant\u00edas. Disponemos adem\u00e1s, de un gran abanico de <strong>insumos y accesorios<\/strong>, para satisfacer las necesidades y deseos de nuestros clientes que encuentran en un solo lugar, lo \u00faltimo del mercado.<\/p>\n<p><strong>Bernab\u00e9 inform\u00e1tica<\/strong> brinda una soluci\u00f3n integral a las problem\u00e1ticas de nuestros clientes. Porque adem\u00e1s contamos con un <strong>servicio t\u00e9cnico<\/strong> para tu <strong>computadora<\/strong>, <strong>notebook<\/strong>, <strong>netbook<\/strong>, <strong>tablet<\/strong>, <strong>impresora<\/strong>, <strong>c\u00e1mara fotogr\u00e1fica<\/strong>; y tambi\u00e9n, desarrollamos e implementamos <strong>sistema de seguridad<\/strong> a medida de cada necesidad como <strong>circuito cerrado<\/strong>, <strong>inal\u00e1mbrico<\/strong> o <strong>IP<\/strong>.<\/p>\n<p>Miles de referencias hacen de nuestra atenci\u00f3n, el mejor servicio t\u00e9cnico e inform\u00e1tico de la <strong>ciudad de P\u00e9rez<\/strong>.<\/p>\n<p>\u00c9stos son s\u00f3lo algunos de los muchos productos y servicios que pod\u00e9s encontrar en nuestro local:<br \/>\n[\/et_pb_text][\/et_pb_column][\/et_pb_row][et_pb_row column_structure=\u00bb1_2,1_2&#8243; _builder_version=\u00bb3.25&#8243; background_size=\u00bbinitial\u00bb background_position=\u00bbtop_left\u00bb background_repeat=\u00bbrepeat\u00bb custom_margin=\u00bb0px|||\u00bb][et_pb_column type=\u00bb1_2&#8243; _builder_version=\u00bb3.25&#8243; custom_padding=\u00bb|||\u00bb custom_padding__hover=\u00bb|||\u00bb][et_pb_text _builder_version=\u00bb3.27.4&#8243; text_font_size=\u00bb20&#8243; border_style=\u00bbsolid\u00bb]<img loading=\"lazy\" decoding=\"async\" class=\"alignnone wp-image-116072\" src=\"http:\/\/bernabeinformatica.com\/bernabe-nova\/wp-content\/uploads\/2017\/07\/success-300x300.png\" alt=\"\" width=\"21\" height=\"21\" srcset=\"https:\/\/bernabeinformatica.com\/bernabe-nova\/wp-content\/uploads\/2017\/07\/success-300x300.png 300w, https:\/\/bernabeinformatica.com\/bernabe-nova\/wp-content\/uploads\/2017\/07\/success-150x150.png 150w, https:\/\/bernabeinformatica.com\/bernabe-nova\/wp-content\/uploads\/2017\/07\/success.png 512w\" sizes=\"auto, (max-width: 21px) 100vw, 21px\" \/> Computadoras, notebooks y netbooks<\/p>\n<p><img loading=\"lazy\" decoding=\"async\" class=\"alignnone wp-image-116072\" src=\"http:\/\/bernabeinformatica.com\/bernabe-nova\/wp-content\/uploads\/2017\/07\/success-300x300.png\" alt=\"\" width=\"21\" height=\"21\" srcset=\"https:\/\/bernabeinformatica.com\/bernabe-nova\/wp-content\/uploads\/2017\/07\/success-300x300.png 300w, https:\/\/bernabeinformatica.com\/bernabe-nova\/wp-content\/uploads\/2017\/07\/success-150x150.png 150w, https:\/\/bernabeinformatica.com\/bernabe-nova\/wp-content\/uploads\/2017\/07\/success.png 512w\" sizes=\"auto, (max-width: 21px) 100vw, 21px\" \/> Audio-componentes<\/p>\n<p><img loading=\"lazy\" decoding=\"async\" class=\"alignnone wp-image-116072\" src=\"http:\/\/bernabeinformatica.com\/bernabe-nova\/wp-content\/uploads\/2017\/07\/success-300x300.png\" alt=\"\" width=\"21\" height=\"21\" srcset=\"https:\/\/bernabeinformatica.com\/bernabe-nova\/wp-content\/uploads\/2017\/07\/success-300x300.png 300w, https:\/\/bernabeinformatica.com\/bernabe-nova\/wp-content\/uploads\/2017\/07\/success-150x150.png 150w, https:\/\/bernabeinformatica.com\/bernabe-nova\/wp-content\/uploads\/2017\/07\/success.png 512w\" sizes=\"auto, (max-width: 21px) 100vw, 21px\" \/> Sistemas operativos<\/p>\n<p><img loading=\"lazy\" decoding=\"async\" class=\"alignnone wp-image-116072\" src=\"http:\/\/bernabeinformatica.com\/bernabe-nova\/wp-content\/uploads\/2017\/07\/success-300x300.png\" alt=\"\" width=\"21\" height=\"21\" srcset=\"https:\/\/bernabeinformatica.com\/bernabe-nova\/wp-content\/uploads\/2017\/07\/success-300x300.png 300w, https:\/\/bernabeinformatica.com\/bernabe-nova\/wp-content\/uploads\/2017\/07\/success-150x150.png 150w, https:\/\/bernabeinformatica.com\/bernabe-nova\/wp-content\/uploads\/2017\/07\/success.png 512w\" sizes=\"auto, (max-width: 21px) 100vw, 21px\" \/> Reparaci\u00f3n de impresoras, c\u00e1maras y tablets<\/p>\n<p><img loading=\"lazy\" decoding=\"async\" class=\"alignnone wp-image-116072\" src=\"http:\/\/bernabeinformatica.com\/bernabe-nova\/wp-content\/uploads\/2017\/07\/success-300x300.png\" alt=\"\" width=\"21\" height=\"21\" srcset=\"https:\/\/bernabeinformatica.com\/bernabe-nova\/wp-content\/uploads\/2017\/07\/success-300x300.png 300w, https:\/\/bernabeinformatica.com\/bernabe-nova\/wp-content\/uploads\/2017\/07\/success-150x150.png 150w, https:\/\/bernabeinformatica.com\/bernabe-nova\/wp-content\/uploads\/2017\/07\/success.png 512w\" sizes=\"auto, (max-width: 21px) 100vw, 21px\" \/> Desarrollo de proyectos inform\u00e1ticos<br \/>\n[\/et_pb_text][\/et_pb_column][et_pb_column type=\u00bb1_2&#8243; _builder_version=\u00bb3.25&#8243; custom_padding=\u00bb|||\u00bb custom_padding__hover=\u00bb|||\u00bb][et_pb_text _builder_version=\u00bb3.27.4&#8243; text_font_size=\u00bb20&#8243;]<img loading=\"lazy\" decoding=\"async\" class=\"alignnone wp-image-116072\" src=\"http:\/\/bernabeinformatica.com\/bernabe-nova\/wp-content\/uploads\/2017\/07\/success-300x300.png\" alt=\"\" width=\"21\" height=\"21\" srcset=\"https:\/\/bernabeinformatica.com\/bernabe-nova\/wp-content\/uploads\/2017\/07\/success-300x300.png 300w, https:\/\/bernabeinformatica.com\/bernabe-nova\/wp-content\/uploads\/2017\/07\/success-150x150.png 150w, https:\/\/bernabeinformatica.com\/bernabe-nova\/wp-content\/uploads\/2017\/07\/success.png 512w\" sizes=\"auto, (max-width: 21px) 100vw, 21px\" \/> C\u00e1maras fotogr\u00e1ficas<\/p>\n<p><img loading=\"lazy\" decoding=\"async\" class=\"alignnone wp-image-116072\" src=\"http:\/\/bernabeinformatica.com\/bernabe-nova\/wp-content\/uploads\/2017\/07\/success-300x300.png\" alt=\"\" width=\"21\" height=\"21\" srcset=\"https:\/\/bernabeinformatica.com\/bernabe-nova\/wp-content\/uploads\/2017\/07\/success-300x300.png 300w, https:\/\/bernabeinformatica.com\/bernabe-nova\/wp-content\/uploads\/2017\/07\/success-150x150.png 150w, https:\/\/bernabeinformatica.com\/bernabe-nova\/wp-content\/uploads\/2017\/07\/success.png 512w\" sizes=\"auto, (max-width: 21px) 100vw, 21px\" \/> C\u00e1maras de seguridad profesionales<\/p>\n<p><img loading=\"lazy\" decoding=\"async\" class=\"alignnone wp-image-116072\" src=\"http:\/\/bernabeinformatica.com\/bernabe-nova\/wp-content\/uploads\/2017\/07\/success-300x300.png\" alt=\"\" width=\"21\" height=\"21\" srcset=\"https:\/\/bernabeinformatica.com\/bernabe-nova\/wp-content\/uploads\/2017\/07\/success-300x300.png 300w, https:\/\/bernabeinformatica.com\/bernabe-nova\/wp-content\/uploads\/2017\/07\/success-150x150.png 150w, https:\/\/bernabeinformatica.com\/bernabe-nova\/wp-content\/uploads\/2017\/07\/success.png 512w\" sizes=\"auto, (max-width: 21px) 100vw, 21px\" \/> Reparaci\u00f3n de PC y notebooks<\/p>\n<p><img loading=\"lazy\" decoding=\"async\" class=\"alignnone wp-image-116072\" src=\"http:\/\/bernabeinformatica.com\/bernabe-nova\/wp-content\/uploads\/2017\/07\/success-300x300.png\" alt=\"\" width=\"21\" height=\"21\" srcset=\"https:\/\/bernabeinformatica.com\/bernabe-nova\/wp-content\/uploads\/2017\/07\/success-300x300.png 300w, https:\/\/bernabeinformatica.com\/bernabe-nova\/wp-content\/uploads\/2017\/07\/success-150x150.png 150w, https:\/\/bernabeinformatica.com\/bernabe-nova\/wp-content\/uploads\/2017\/07\/success.png 512w\" sizes=\"auto, (max-width: 21px) 100vw, 21px\" \/> Reemplazo de componentes<\/p>\n<p><img loading=\"lazy\" decoding=\"async\" class=\"alignnone wp-image-116072\" src=\"http:\/\/bernabeinformatica.com\/bernabe-nova\/wp-content\/uploads\/2017\/07\/success-300x300.png\" alt=\"\" width=\"21\" height=\"21\" srcset=\"https:\/\/bernabeinformatica.com\/bernabe-nova\/wp-content\/uploads\/2017\/07\/success-300x300.png 300w, https:\/\/bernabeinformatica.com\/bernabe-nova\/wp-content\/uploads\/2017\/07\/success-150x150.png 150w, https:\/\/bernabeinformatica.com\/bernabe-nova\/wp-content\/uploads\/2017\/07\/success.png 512w\" sizes=\"auto, (max-width: 21px) 100vw, 21px\" \/> Redes y configuraciones<br \/>\n[\/et_pb_text][\/et_pb_column][\/et_pb_row][\/et_pb_section][et_pb_section fb_built=\u00bb1&#8243; _builder_version=\u00bb3.22&#8243; custom_padding=\u00bb0px|1px|0px|0px\u00bb][et_pb_row use_custom_gutter=\u00bbon\u00bb gutter_width=\u00bb1&#8243; module_class=\u00bb et_pb_row_fullwidth\u00bb _builder_version=\u00bb3.25&#8243; width=\u00bb100%\u00bb width_tablet=\u00bb100%\u00bb width_phone=\u00bb\u00bb width_last_edited=\u00bbon|desktop\u00bb max_width=\u00bb100%\u00bb max_width_tablet=\u00bb100%\u00bb max_width_phone=\u00bb\u00bb max_width_last_edited=\u00bbon|desktop\u00bb custom_margin=\u00bb0px|1px|0px|0px\u00bb make_fullwidth=\u00bbon\u00bb][et_pb_column type=\u00bb4_4&#8243; _builder_version=\u00bb3.25&#8243; background_position=\u00bbtop_left\u00bb custom_padding=\u00bb|||\u00bb custom_padding__hover=\u00bb|||\u00bb][et_pb_gallery gallery_ids=\u00bb116470,116284,116502,116472,116287,116501,116290,116503&#8243; posts_number=\u00bb8&#8243; show_title_and_caption=\u00bboff\u00bb show_pagination=\u00bboff\u00bb zoom_icon_color=\u00bb#a90000&#8243; hover_icon=\u00bb%%51%%\u00bb _builder_version=\u00bb4.4.6&#8243; hover_enabled=\u00bb0&#8243; border_width_all=\u00bb1px\u00bb border_color_all=\u00bb#ff6d6d\u00bb border_style_all=\u00bbsolid\u00bb use_border_color=\u00bbon\u00bb border_color=\u00bb#ff6d6d\u00bb border_style=\u00bbsolid\u00bb][\/et_pb_gallery][\/et_pb_column][\/et_pb_row][\/et_pb_section]<\/p>\n","protected":false},"excerpt":{"rendered":"<p>[et_pb_section fb_built=\u00bb1&#8243; _builder_version=\u00bb3.22&#8243; background_image=\u00bbhttp:\/\/bernabeinformatica.com\/bernabe-nova\/wp-content\/uploads\/2017\/07\/productos-servicios-bernabe-informatica.jpg\u00bb background_position=\u00bbcenter_left\u00bb background_blend=\u00bbmultiply\u00bb custom_padding=\u00bb80px||80px|\u00bb][et_pb_row _builder_version=\u00bb3.25&#8243; background_color=\u00bbrgba(224,53,44,0.84)\u00bb background_size=\u00bbinitial\u00bb background_position=\u00bbtop_left\u00bb background_repeat=\u00bbrepeat\u00bb max_width=\u00bb604px\u00bb custom_margin=\u00bb|||\u00bb custom_padding=\u00bb40px||40px|\u00bb use_custom_width=\u00bbon\u00bb custom_width_px=\u00bb604px\u00bb][et_pb_column type=\u00bb4_4&#8243; _builder_version=\u00bb3.25&#8243; custom_padding=\u00bb|||\u00bb custom_padding__hover=\u00bb|||\u00bb][et_pb_text _builder_version=\u00bb3.27.4&#8243; text_font_size=\u00bb40px\u00bb text_letter_spacing=\u00bb3px\u00bb background_size=\u00bbinitial\u00bb background_position=\u00bbtop_left\u00bb background_repeat=\u00bbrepeat\u00bb text_orientation=\u00bbcenter\u00bb background_layout=\u00bbdark\u00bb module_alignment=\u00bbcenter\u00bb]PRODUCTOS Y SERVICIOS [\/et_pb_text][\/et_pb_column][\/et_pb_row][\/et_pb_section][et_pb_section fb_built=\u00bb1&#8243; _builder_version=\u00bb3.22&#8243;][et_pb_row _builder_version=\u00bb3.25&#8243; background_size=\u00bbinitial\u00bb background_position=\u00bbtop_left\u00bb background_repeat=\u00bbrepeat\u00bb][et_pb_column type=\u00bb4_4&#8243; _builder_version=\u00bb3.25&#8243; custom_padding=\u00bb|||\u00bb custom_padding__hover=\u00bb|||\u00bb][et_pb_text _builder_version=\u00bb3.27.4&#8243; text_font_size=\u00bb20&#8243; text_letter_spacing=\u00bb1px\u00bb text_orientation=\u00bbjustified\u00bb border_style=\u00bbsolid\u00bb]Contamos con una amplia variedad de productos tecnol\u00f3gicos [&hellip;]<\/p>\n","protected":false},"author":1,"featured_media":0,"parent":0,"menu_order":0,"comment_status":"closed","ping_status":"closed","template":"","meta":{"_et_pb_use_builder":"on","_et_pb_old_content":"","_et_gb_content_width":"","footnotes":""},"class_list":["post-74","page","type-page","status-publish","hentry"],"_links":{"self":[{"href":"https:\/\/bernabeinformatica.com\/bernabe-nova\/wp-json\/wp\/v2\/pages\/74","targetHints":{"allow":["GET"]}}],"collection":[{"href":"https:\/\/bernabeinformatica.com\/bernabe-nova\/wp-json\/wp\/v2\/pages"}],"about":[{"href":"https:\/\/bernabeinformatica.com\/bernabe-nova\/wp-json\/wp\/v2\/types\/page"}],"author":[{"embeddable":true,"href":"https:\/\/bernabeinformatica.com\/bernabe-nova\/wp-json\/wp\/v2\/users\/1"}],"replies":[{"embeddable":true,"href":"https:\/\/bernabeinformatica.com\/bernabe-nova\/wp-json\/wp\/v2\/comments?post=74"}],"version-history":[{"count":22,"href":"https:\/\/bernabeinformatica.com\/bernabe-nova\/wp-json\/wp\/v2\/pages\/74\/revisions"}],"predecessor-version":[{"id":116521,"href":"https:\/\/bernabeinformatica.com\/bernabe-nova\/wp-json\/wp\/v2\/pages\/74\/revisions\/116521"}],"wp:attachment":[{"href":"https:\/\/bernabeinformatica.com\/bernabe-nova\/wp-json\/wp\/v2\/media?parent=74"}],"curies":[{"name":"wp","href":"https:\/\/api.w.org\/{rel}","templated":true}]}}