{"id":78,"date":"2017-06-23T17:50:30","date_gmt":"2017-06-23T17:50:30","guid":{"rendered":"http:\/\/bernabeinformatica.com\/bernabe-nova\/?page_id=78"},"modified":"2023-12-04T21:03:33","modified_gmt":"2023-12-04T21:03:33","slug":"sistemas-de-seguridad","status":"publish","type":"page","link":"https:\/\/bernabeinformatica.com\/bernabe-nova\/sistemas-de-seguridad\/","title":{"rendered":"Sistemas de Seguridad"},"content":{"rendered":"<p>[et_pb_section fb_built=\u00bb1&#8243; _builder_version=\u00bb3.22&#8243; background_image=\u00bbhttp:\/\/bernabeinformatica.com\/bernabe-nova\/wp-content\/uploads\/2017\/07\/sistemas-seguridad-bernabe-informatica.jpg\u00bb background_position=\u00bbcenter_left\u00bb background_blend=\u00bbmultiply\u00bb custom_padding=\u00bb80px||80px|\u00bb][et_pb_row _builder_version=\u00bb3.25&#8243; background_color=\u00bbrgba(224,53,44,0.84)\u00bb background_size=\u00bbinitial\u00bb background_position=\u00bbtop_left\u00bb background_repeat=\u00bbrepeat\u00bb max_width=\u00bb604px\u00bb custom_margin=\u00bb|||\u00bb custom_padding=\u00bb40px||40px|\u00bb use_custom_width=\u00bbon\u00bb custom_width_px=\u00bb604px\u00bb][et_pb_column type=\u00bb4_4&#8243; _builder_version=\u00bb3.25&#8243; custom_padding=\u00bb|||\u00bb custom_padding__hover=\u00bb|||\u00bb][et_pb_text _builder_version=\u00bb3.27.4&#8243; text_font_size=\u00bb40px\u00bb text_letter_spacing=\u00bb3px\u00bb background_size=\u00bbinitial\u00bb background_position=\u00bbtop_left\u00bb background_repeat=\u00bbrepeat\u00bb text_orientation=\u00bbcenter\u00bb background_layout=\u00bbdark\u00bb module_alignment=\u00bbcenter\u00bb border_style=\u00bbsolid\u00bb]<strong>SISTEMAS DE SEGURIDAD<br \/>\n<\/strong><br \/>\n[\/et_pb_text][\/et_pb_column][\/et_pb_row][\/et_pb_section][et_pb_section fb_built=\u00bb1&#8243; _builder_version=\u00bb3.22&#8243;][et_pb_row _builder_version=\u00bb3.25&#8243; background_size=\u00bbinitial\u00bb background_position=\u00bbtop_left\u00bb background_repeat=\u00bbrepeat\u00bb][et_pb_column type=\u00bb4_4&#8243; _builder_version=\u00bb3.25&#8243; custom_padding=\u00bb|||\u00bb custom_padding__hover=\u00bb|||\u00bb][et_pb_text _builder_version=\u00bb3.27.4&#8243; text_font_size=\u00bb20&#8243; text_letter_spacing=\u00bb1px\u00bb text_orientation=\u00bbjustified\u00bb border_style=\u00bbsolid\u00bb]<strong>Bernab\u00e9 inform\u00e1tica<\/strong> ofrece <strong>tres<\/strong> <strong>sistemas de seguridad adaptados<\/strong> a las necesidades espec\u00edficas y particulares de cada cliente. Porque tenemos en cuenta la importancia de la seguridad e integridad de las personas y de sus activos, ya sea en <strong>empresas<\/strong> como en <strong>particulares<\/strong>, es por eso que trabajamos con una clara orientaci\u00f3n a las preferencias y problem\u00e1ticas de cada cliente y de acuerdo a un amplio abanico de sectores, escenarios y aplicaciones.<\/p>\n<h2><img loading=\"lazy\" decoding=\"async\" class=\"alignnone size-medium wp-image-116072\" src=\"http:\/\/bernabeinformatica.com\/bernabe-nova\/wp-content\/uploads\/2017\/07\/success-300x300.png\" alt=\"\" width=\"21\" height=\"21\" srcset=\"https:\/\/bernabeinformatica.com\/bernabe-nova\/wp-content\/uploads\/2017\/07\/success-300x300.png 300w, https:\/\/bernabeinformatica.com\/bernabe-nova\/wp-content\/uploads\/2017\/07\/success-150x150.png 150w, https:\/\/bernabeinformatica.com\/bernabe-nova\/wp-content\/uploads\/2017\/07\/success.png 512w\" sizes=\"auto, (max-width: 21px) 100vw, 21px\" \/>&nbsp;Sistema de video circuito cerrado CCTV<\/h2>\n<p>Compuesto por c\u00e1maras de vigilancias conectadas a uno o m\u00e1s televisores, que reproducen las im\u00e1genes capturadas por las c\u00e1maras. Usted puede verificar al instante la causa de una alarma o identificar al intruso y ser grabado.<\/p>\n<h2><img loading=\"lazy\" decoding=\"async\" class=\"alignnone size-medium wp-image-116072\" src=\"http:\/\/bernabeinformatica.com\/bernabe-nova\/wp-content\/uploads\/2017\/07\/success-300x300.png\" alt=\"\" width=\"21\" height=\"21\" srcset=\"https:\/\/bernabeinformatica.com\/bernabe-nova\/wp-content\/uploads\/2017\/07\/success-300x300.png 300w, https:\/\/bernabeinformatica.com\/bernabe-nova\/wp-content\/uploads\/2017\/07\/success-150x150.png 150w, https:\/\/bernabeinformatica.com\/bernabe-nova\/wp-content\/uploads\/2017\/07\/success.png 512w\" sizes=\"auto, (max-width: 21px) 100vw, 21px\" \/>&nbsp;Sistema de video inal\u00e1mbrico<\/h2>\n<p>Sistema de video vigilancia sin cables que le permite ver varias c\u00e1maras al mismo tiempo en una sola pantalla. Las c\u00e1maras pueden instalarse en cuesti\u00f3n de segundos en cualquier lugar de su casa, negocio u oficina, sin restricciones f\u00edsicas de ning\u00fan tipo.<\/p>\n<h2><img loading=\"lazy\" decoding=\"async\" class=\"alignnone size-medium wp-image-116072\" src=\"http:\/\/bernabeinformatica.com\/bernabe-nova\/wp-content\/uploads\/2017\/07\/success-300x300.png\" alt=\"\" width=\"21\" height=\"21\" srcset=\"https:\/\/bernabeinformatica.com\/bernabe-nova\/wp-content\/uploads\/2017\/07\/success-300x300.png 300w, https:\/\/bernabeinformatica.com\/bernabe-nova\/wp-content\/uploads\/2017\/07\/success-150x150.png 150w, https:\/\/bernabeinformatica.com\/bernabe-nova\/wp-content\/uploads\/2017\/07\/success.png 512w\" sizes=\"auto, (max-width: 21px) 100vw, 21px\" \/> Sistema de video vigilancia IP<\/h2>\n<p>Utiliza la red internet, sin cables, basta con conectar las c\u00e1maras a la red de Internet de su hogar o empresa. Las im\u00e1genes capturadas pueden ser encontradas f\u00e1cilmente, manipuladas, transferidas. La video vigilancia puede hacerse v\u00eda remota, desde cualquier PC, tablet, celular o port\u00e1til conectado a Internet y por varias personas al mismo tiempo.<br \/>\n[\/et_pb_text][\/et_pb_column][\/et_pb_row][\/et_pb_section][et_pb_section fb_built=\u00bb1&#8243; _builder_version=\u00bb3.22&#8243; custom_padding=\u00bb0px|1px|0px|0px\u00bb][et_pb_row use_custom_gutter=\u00bbon\u00bb gutter_width=\u00bb1&#8243; module_class=\u00bb et_pb_row_fullwidth\u00bb _builder_version=\u00bb3.25&#8243; width=\u00bb100%\u00bb width_tablet=\u00bb100%\u00bb width_phone=\u00bb\u00bb width_last_edited=\u00bbon|desktop\u00bb max_width=\u00bb100%\u00bb max_width_tablet=\u00bb100%\u00bb max_width_phone=\u00bb\u00bb max_width_last_edited=\u00bbon|desktop\u00bb custom_margin=\u00bb0px|1px|0px|0px\u00bb make_fullwidth=\u00bbon\u00bb][et_pb_column type=\u00bb4_4&#8243; _builder_version=\u00bb3.25&#8243; background_position=\u00bbtop_left\u00bb custom_padding=\u00bb|||\u00bb custom_padding__hover=\u00bb|||\u00bb][et_pb_gallery gallery_ids=\u00bb116279,105,116498,116280&#8243; show_title_and_caption=\u00bboff\u00bb show_pagination=\u00bboff\u00bb zoom_icon_color=\u00bb#a90000&#8243; hover_icon=\u00bb%%51%%\u00bb _builder_version=\u00bb4.4.6&#8243; hover_enabled=\u00bb0&#8243; border_width_all=\u00bb1px\u00bb border_color_all=\u00bb#ff6d6d\u00bb border_style_all=\u00bbsolid\u00bb use_border_color=\u00bbon\u00bb border_color=\u00bb#ff6d6d\u00bb border_style=\u00bbsolid\u00bb][\/et_pb_gallery][\/et_pb_column][\/et_pb_row][\/et_pb_section][et_pb_section fb_built=\u00bb1&#8243; admin_label=\u00bbsection\u00bb _builder_version=\u00bb3.0.74&#8243; background_color=\u00bb#3c3d41&#8243; custom_padding=\u00bb0px||0px|\u00bb custom_padding_tablet=\u00bb0px||0px|\u00bb padding_mobile=\u00bbon\u00bb global_module=\u00bb3910&#8243;][\/et_pb_section]<\/p>\n","protected":false},"excerpt":{"rendered":"<p>[et_pb_section fb_built=\u00bb1&#8243; _builder_version=\u00bb3.22&#8243; background_image=\u00bbhttp:\/\/bernabeinformatica.com\/bernabe-nova\/wp-content\/uploads\/2017\/07\/sistemas-seguridad-bernabe-informatica.jpg\u00bb background_position=\u00bbcenter_left\u00bb background_blend=\u00bbmultiply\u00bb custom_padding=\u00bb80px||80px|\u00bb][et_pb_row _builder_version=\u00bb3.25&#8243; background_color=\u00bbrgba(224,53,44,0.84)\u00bb background_size=\u00bbinitial\u00bb background_position=\u00bbtop_left\u00bb background_repeat=\u00bbrepeat\u00bb max_width=\u00bb604px\u00bb custom_margin=\u00bb|||\u00bb custom_padding=\u00bb40px||40px|\u00bb use_custom_width=\u00bbon\u00bb custom_width_px=\u00bb604px\u00bb][et_pb_column type=\u00bb4_4&#8243; _builder_version=\u00bb3.25&#8243; custom_padding=\u00bb|||\u00bb custom_padding__hover=\u00bb|||\u00bb][et_pb_text _builder_version=\u00bb3.27.4&#8243; text_font_size=\u00bb40px\u00bb text_letter_spacing=\u00bb3px\u00bb background_size=\u00bbinitial\u00bb background_position=\u00bbtop_left\u00bb background_repeat=\u00bbrepeat\u00bb text_orientation=\u00bbcenter\u00bb background_layout=\u00bbdark\u00bb module_alignment=\u00bbcenter\u00bb border_style=\u00bbsolid\u00bb]SISTEMAS DE SEGURIDAD [\/et_pb_text][\/et_pb_column][\/et_pb_row][\/et_pb_section][et_pb_section fb_built=\u00bb1&#8243; _builder_version=\u00bb3.22&#8243;][et_pb_row _builder_version=\u00bb3.25&#8243; background_size=\u00bbinitial\u00bb background_position=\u00bbtop_left\u00bb background_repeat=\u00bbrepeat\u00bb][et_pb_column type=\u00bb4_4&#8243; _builder_version=\u00bb3.25&#8243; custom_padding=\u00bb|||\u00bb custom_padding__hover=\u00bb|||\u00bb][et_pb_text _builder_version=\u00bb3.27.4&#8243; text_font_size=\u00bb20&#8243; text_letter_spacing=\u00bb1px\u00bb text_orientation=\u00bbjustified\u00bb border_style=\u00bbsolid\u00bb]Bernab\u00e9 inform\u00e1tica ofrece tres sistemas de seguridad [&hellip;]<\/p>\n","protected":false},"author":1,"featured_media":0,"parent":0,"menu_order":0,"comment_status":"closed","ping_status":"closed","template":"","meta":{"_et_pb_use_builder":"on","_et_pb_old_content":"","_et_gb_content_width":"","footnotes":""},"class_list":["post-78","page","type-page","status-publish","hentry"],"_links":{"self":[{"href":"https:\/\/bernabeinformatica.com\/bernabe-nova\/wp-json\/wp\/v2\/pages\/78","targetHints":{"allow":["GET"]}}],"collection":[{"href":"https:\/\/bernabeinformatica.com\/bernabe-nova\/wp-json\/wp\/v2\/pages"}],"about":[{"href":"https:\/\/bernabeinformatica.com\/bernabe-nova\/wp-json\/wp\/v2\/types\/page"}],"author":[{"embeddable":true,"href":"https:\/\/bernabeinformatica.com\/bernabe-nova\/wp-json\/wp\/v2\/users\/1"}],"replies":[{"embeddable":true,"href":"https:\/\/bernabeinformatica.com\/bernabe-nova\/wp-json\/wp\/v2\/comments?post=78"}],"version-history":[{"count":13,"href":"https:\/\/bernabeinformatica.com\/bernabe-nova\/wp-json\/wp\/v2\/pages\/78\/revisions"}],"predecessor-version":[{"id":116522,"href":"https:\/\/bernabeinformatica.com\/bernabe-nova\/wp-json\/wp\/v2\/pages\/78\/revisions\/116522"}],"wp:attachment":[{"href":"https:\/\/bernabeinformatica.com\/bernabe-nova\/wp-json\/wp\/v2\/media?parent=78"}],"curies":[{"name":"wp","href":"https:\/\/api.w.org\/{rel}","templated":true}]}}